{"id":794,"date":"2011-01-03T10:51:52","date_gmt":"2011-01-03T10:51:52","guid":{"rendered":"http:\/\/2011.golddragon.ro\/?page_id=794"},"modified":"2020-05-11T10:14:25","modified_gmt":"2020-05-11T08:14:25","slug":"home","status":"publish","type":"page","link":"https:\/\/golddragon.ro\/hu\/","title":{"rendered":"Home"},"content":{"rendered":"<p><div id=\"metaslider-id-4057\" style=\"width: 100%; margin: 0 auto;\" class=\"ml-slider-3-101-0 metaslider metaslider-flex metaslider-4057 ml-slider ms-theme-default nav-hidden nav-hidden\" role=\"region\" aria-label=\"Intro\" data-height=\"400\" data-width=\"700\">\n    <div id=\"metaslider_container_4057\">\n        <div id=\"metaslider_4057\">\n            <ul class='slides'>\n                <li style=\"display: block; width: 100%;\" class=\"slide-7036 ms-image \" aria-roledescription=\"slide\" data-date=\"2017-01-22 18:39:51\"><a href=\"https:\/\/player.vimeo.com\/video\/88561950?byline=0&amp;portrait=0&amp;color=c40000&amp;autoplay=1\" target=\"_blank\" aria-label=\"View Slide Details\" class=\"metaslider_image_link\"><img loading=\"lazy\" decoding=\"async\" width=\"1085\" height=\"542\" src=\"https:\/\/golddragon.ro\/wp-content\/uploads\/2017\/01\/1.jpg\" class=\"slider-4057 slide-7036 msDefaultImage\" alt=\"\" rel=\"\" title=\"\" style=\"margin-top: 3.5944700460829%\" srcset=\"https:\/\/golddragon.ro\/wp-content\/uploads\/2017\/01\/1.jpg 1085w, https:\/\/golddragon.ro\/wp-content\/uploads\/2017\/01\/1-300x150.jpg 300w, https:\/\/golddragon.ro\/wp-content\/uploads\/2017\/01\/1-768x384.jpg 768w, https:\/\/golddragon.ro\/wp-content\/uploads\/2017\/01\/1-1024x512.jpg 1024w\" sizes=\"auto, (max-width: 1085px) 100vw, 1085px\" \/><\/a><\/li>\n                <li style=\"display: none; width: 100%;\" class=\"slide-6883 ms-image \" aria-roledescription=\"slide\" data-date=\"2017-01-20 09:24:51\"><a href=\"https:\/\/player.vimeo.com\/video\/88561950?byline=0&amp;portrait=0&amp;color=c40000&amp;autoplay=1\" target=\"_blank\" aria-label=\"View Slide Details\" class=\"metaslider_image_link\"><img loading=\"lazy\" decoding=\"async\" width=\"1910\" height=\"954\" src=\"https:\/\/golddragon.ro\/wp-content\/uploads\/2017\/01\/2.jpg\" class=\"slider-4057 slide-6883 msDefaultImage\" alt=\"\" rel=\"\" title=\"\" style=\"margin-top: 3.5976065818998%\" srcset=\"https:\/\/golddragon.ro\/wp-content\/uploads\/2017\/01\/2.jpg 1910w, https:\/\/golddragon.ro\/wp-content\/uploads\/2017\/01\/2-300x150.jpg 300w, https:\/\/golddragon.ro\/wp-content\/uploads\/2017\/01\/2-768x384.jpg 768w, https:\/\/golddragon.ro\/wp-content\/uploads\/2017\/01\/2-1024x511.jpg 1024w\" sizes=\"auto, (max-width: 1910px) 100vw, 1910px\" \/><\/a><\/li>\n                <li style=\"display: none; width: 100%;\" class=\"slide-7095 ms-image \" aria-roledescription=\"slide\" data-date=\"2017-01-27 13:33:32\"><a href=\"https:\/\/player.vimeo.com\/video\/88561950?byline=0&amp;portrait=0&amp;color=c40000&amp;autoplay=1\" target=\"_blank\" aria-label=\"View Slide Details\" class=\"metaslider_image_link\"><img loading=\"lazy\" decoding=\"async\" width=\"1085\" height=\"542\" src=\"https:\/\/golddragon.ro\/wp-content\/uploads\/2017\/01\/11.jpg\" class=\"slider-4057 slide-7095 msDefaultImage\" alt=\"\" rel=\"\" title=\"\" style=\"margin-top: 3.5944700460829%\" srcset=\"https:\/\/golddragon.ro\/wp-content\/uploads\/2017\/01\/11.jpg 1085w, https:\/\/golddragon.ro\/wp-content\/uploads\/2017\/01\/11-300x150.jpg 300w, https:\/\/golddragon.ro\/wp-content\/uploads\/2017\/01\/11-768x384.jpg 768w, https:\/\/golddragon.ro\/wp-content\/uploads\/2017\/01\/11-1024x512.jpg 1024w\" sizes=\"auto, (max-width: 1085px) 100vw, 1085px\" \/><\/a><\/li>\n                <li style=\"display: none; width: 100%;\" class=\"slide-4061 ms-image \" aria-roledescription=\"slide\" data-date=\"2015-06-01 12:24:04\"><a href=\"https:\/\/player.vimeo.com\/video\/88561950?byline=0&amp;portrait=0&amp;color=c40000&amp;autoplay=1\" target=\"_blank\" aria-label=\"View Slide Details\" class=\"metaslider_image_link\"><img loading=\"lazy\" decoding=\"async\" width=\"2048\" height=\"1032\" src=\"https:\/\/golddragon.ro\/wp-content\/uploads\/2015\/06\/3.jpg\" class=\"slider-4057 slide-4061 msDefaultImage\" alt=\"\" rel=\"\" title=\"\" style=\"margin-top: 3.3761160714286%\" srcset=\"https:\/\/golddragon.ro\/wp-content\/uploads\/2015\/06\/3.jpg 2048w, https:\/\/golddragon.ro\/wp-content\/uploads\/2015\/06\/3-300x151.jpg 300w, https:\/\/golddragon.ro\/wp-content\/uploads\/2015\/06\/3-1024x516.jpg 1024w\" sizes=\"auto, (max-width: 2048px) 100vw, 2048px\" \/><\/a><\/li>\n                <li style=\"display: none; width: 100%;\" class=\"slide-7096 ms-image \" aria-roledescription=\"slide\" data-date=\"2017-01-27 13:34:33\"><a href=\"https:\/\/player.vimeo.com\/video\/88561950?byline=0&amp;portrait=0&amp;color=c40000&amp;autoplay=1\" target=\"_blank\" aria-label=\"View Slide Details\" class=\"metaslider_image_link\"><img loading=\"lazy\" decoding=\"async\" width=\"1085\" height=\"542\" src=\"https:\/\/golddragon.ro\/wp-content\/uploads\/2017\/01\/111.jpg\" class=\"slider-4057 slide-7096 msDefaultImage\" alt=\"\" rel=\"\" title=\"\" style=\"margin-top: 3.5944700460829%\" srcset=\"https:\/\/golddragon.ro\/wp-content\/uploads\/2017\/01\/111.jpg 1085w, https:\/\/golddragon.ro\/wp-content\/uploads\/2017\/01\/111-300x150.jpg 300w, https:\/\/golddragon.ro\/wp-content\/uploads\/2017\/01\/111-768x384.jpg 768w, https:\/\/golddragon.ro\/wp-content\/uploads\/2017\/01\/111-1024x512.jpg 1024w\" sizes=\"auto, (max-width: 1085px) 100vw, 1085px\" \/><\/a><\/li>\n                <li style=\"display: none; width: 100%;\" class=\"slide-4062 ms-image \" aria-roledescription=\"slide\" data-date=\"2015-06-01 12:24:05\"><a href=\"https:\/\/player.vimeo.com\/video\/88561950?byline=0&amp;portrait=0&amp;color=c40000&amp;autoplay=1\" target=\"_blank\" aria-label=\"View Slide Details\" class=\"metaslider_image_link\"><img loading=\"lazy\" decoding=\"async\" width=\"940\" height=\"482\" src=\"https:\/\/golddragon.ro\/wp-content\/uploads\/2015\/06\/4.jpg\" class=\"slider-4057 slide-4062 msDefaultImage\" alt=\"\" rel=\"\" title=\"\" style=\"margin-top: 2.9331306990881%\" srcset=\"https:\/\/golddragon.ro\/wp-content\/uploads\/2015\/06\/4.jpg 940w, https:\/\/golddragon.ro\/wp-content\/uploads\/2015\/06\/4-300x154.jpg 300w\" sizes=\"auto, (max-width: 940px) 100vw, 940px\" \/><\/a><\/li>\n                <li style=\"display: none; width: 100%;\" class=\"slide-7097 ms-image \" aria-roledescription=\"slide\" data-date=\"2017-01-27 13:34:54\"><a href=\"https:\/\/player.vimeo.com\/video\/88561950?byline=0&amp;portrait=0&amp;color=c40000&amp;autoplay=1\" target=\"_blank\" aria-label=\"View Slide Details\" class=\"metaslider_image_link\"><img loading=\"lazy\" decoding=\"async\" width=\"1085\" height=\"542\" src=\"https:\/\/golddragon.ro\/wp-content\/uploads\/2017\/01\/1111.jpg\" class=\"slider-4057 slide-7097 msDefaultImage\" alt=\"\" rel=\"\" title=\"\" style=\"margin-top: 3.5944700460829%\" srcset=\"https:\/\/golddragon.ro\/wp-content\/uploads\/2017\/01\/1111.jpg 1085w, https:\/\/golddragon.ro\/wp-content\/uploads\/2017\/01\/1111-300x150.jpg 300w, https:\/\/golddragon.ro\/wp-content\/uploads\/2017\/01\/1111-768x384.jpg 768w, https:\/\/golddragon.ro\/wp-content\/uploads\/2017\/01\/1111-1024x512.jpg 1024w\" sizes=\"auto, (max-width: 1085px) 100vw, 1085px\" \/><\/a><\/li>\n                <li style=\"display: none; width: 100%;\" class=\"slide-4063 ms-image \" aria-roledescription=\"slide\" data-date=\"2015-06-01 12:24:07\"><a href=\"https:\/\/player.vimeo.com\/video\/88561950?byline=0&amp;portrait=0&amp;color=c40000&amp;autoplay=1\" target=\"_blank\" aria-label=\"View Slide Details\" class=\"metaslider_image_link\"><img loading=\"lazy\" decoding=\"async\" width=\"1499\" height=\"739\" src=\"https:\/\/golddragon.ro\/wp-content\/uploads\/2015\/06\/5.jpg\" class=\"slider-4057 slide-4063 msDefaultImage\" alt=\"\" rel=\"\" title=\"\" style=\"margin-top: 3.9216620604212%\" srcset=\"https:\/\/golddragon.ro\/wp-content\/uploads\/2015\/06\/5.jpg 1499w, https:\/\/golddragon.ro\/wp-content\/uploads\/2015\/06\/5-300x148.jpg 300w, https:\/\/golddragon.ro\/wp-content\/uploads\/2015\/06\/5-1024x505.jpg 1024w\" sizes=\"auto, (max-width: 1499px) 100vw, 1499px\" \/><\/a><\/li>\n            <\/ul>\n        <\/div>\n        \n    <\/div>\n<\/div><\/p>\n<p>&nbsp;<\/p>\n<center><a href=\"http:\/\/golddragon.ro\/\"><img loading=\"lazy\" decoding=\"async\" class=\"alignnone size-full wp-image-6843\" src=\"http:\/\/golddragon.ro\/wp-content\/uploads\/2011\/01\/romania.gif\" alt=\"\" width=\"120\" height=\"80\"><\/a><a href=\"http:\/\/golddragon.ro\/hu\/\"><img loading=\"lazy\" decoding=\"async\" class=\"alignnone size-full wp-image-6847\" src=\"http:\/\/golddragon.ro\/wp-content\/uploads\/2011\/01\/hungary.gif\" alt=\"\" width=\"120\" height=\"80\"><\/a><a href=\"http:\/\/golddragon.ro\/en\/\"><img loading=\"lazy\" decoding=\"async\" class=\"alignnone size-full wp-image-6845\" src=\"http:\/\/golddragon.ro\/wp-content\/uploads\/2011\/01\/greatbritain.gif\" alt=\"\" width=\"120\" height=\"80\"><\/a><a href=\"http:\/\/golddragon.ro\/de\/\"><img loading=\"lazy\" decoding=\"async\" class=\"alignnone size-full wp-image-6840\" src=\"http:\/\/golddragon.ro\/wp-content\/uploads\/2011\/01\/germany.gif\" alt=\"\" width=\"120\" height=\"80\"><\/a><a href=\"http:\/\/golddragon.ro\/es\/\"><img loading=\"lazy\" decoding=\"async\" class=\"alignnono size-full wp-image-6832\" src=\"http:\/\/golddragon.ro\/wp-content\/uploads\/2011\/01\/spain.gif\" alt=\"\" width=\"120\" height=\"80\"><\/a><\/center>\n<p>&nbsp;<\/p>\n<p>&nbsp;<\/p>\n<div id=\"metaslider-id-3500\" style=\"width: 100%; margin: 0 auto;\" class=\"ml-slider-3-101-0 metaslider metaslider-nivo metaslider-3500 ml-slider has-dots-nav ms-theme-default\" role=\"region\" aria-label=\"Home\" data-height=\"400\" data-width=\"700\">\n    <div id=\"metaslider_container_3500\">\n        <div class='slider-wrapper theme-default'><div class='ribbon'><\/div><div id='metaslider_3500' class='nivoSlider'><a href=\"http:\/\/golddragon.ro\/hu\/poze\/china-2012-images.html\" target=\"_self\"><img loading=\"lazy\" decoding=\"async\" src=\"https:\/\/golddragon.ro\/wp-content\/uploads\/2015\/05\/2012-700x400.jpg\" height=\"400\" width=\"700\" data-caption=\"Vicecampioni Mondiali la Campionatele Mondiale de Wushu Traditional - China 2012\" alt=\"\" class=\"slider-3500 slide-3501 msDefaultImage\" \/><\/a><a href=\"http:\/\/golddragon.ro\/hu\/poze\/ce-2013-images.html\" target=\"_self\"><img loading=\"lazy\" decoding=\"async\" src=\"https:\/\/golddragon.ro\/wp-content\/uploads\/2015\/05\/2013-700x400.jpg\" height=\"400\" width=\"700\" data-caption=\"Campioni Europeni la Campionatele Europene de Wushu Traditional - Romania 2013\" alt=\"\" class=\"slider-3500 slide-3506 msDefaultImage\" \/><\/a><a href=\"http:\/\/golddragon.ro\/hu\/poze\/ce-2014-images.html\" target=\"_self\"><img loading=\"lazy\" decoding=\"async\" src=\"https:\/\/golddragon.ro\/wp-content\/uploads\/2015\/05\/2014-700x400.jpg\" height=\"400\" width=\"700\" data-caption=\"Medaliati cu Bronz la Campionatele Europene de Wushu Modern - Romania 2014\" alt=\"\" class=\"slider-3500 slide-3505 msDefaultImage\" \/><\/a><\/div><\/div>\n        \n    <\/div>\n<\/div>\n<div id=\"metaslider-id-3507\" style=\"width: 100%; margin: 0 auto;\" class=\"ml-slider-3-101-0 metaslider metaslider-nivo metaslider-3507 ml-slider has-dots-nav ms-theme-default\" role=\"region\" aria-label=\"Video\" data-height=\"400\" data-width=\"700\">\n    <div id=\"metaslider_container_3507\">\n        <div class='slider-wrapper theme-default'><div class='ribbon'><\/div><div id='metaslider_3507' class='nivoSlider'><a href=\"https:\/\/vimeo.com\/93057447\" target=\"_blank\"><img loading=\"lazy\" decoding=\"async\" src=\"https:\/\/golddragon.ro\/wp-content\/uploads\/2017\/04\/v1-609x348.jpg\" height=\"400\" width=\"700\" data-caption=\"Sarkadi Attila - Campionatul Mondial de Wushu Traditional - China 2012\" alt=\"\" class=\"slider-3507 slide-7956 msDefaultImage\" \/><\/a><a href=\"https:\/\/vimeo.com\/96987189\" target=\"_blank\"><img loading=\"lazy\" decoding=\"async\" src=\"https:\/\/golddragon.ro\/wp-content\/uploads\/2017\/04\/v2-609x348.jpg\" height=\"400\" width=\"700\" data-caption=\"Eszenyei Peter &amp; Jakab Istvan - Campionatul European de Wushu Traditional - Romania 2013\" alt=\"\" class=\"slider-3507 slide-7957 msDefaultImage\" \/><\/a><a href=\"https:\/\/vimeo.com\/129818783\" target=\"_blank\"><img loading=\"lazy\" decoding=\"async\" src=\"https:\/\/golddragon.ro\/wp-content\/uploads\/2017\/04\/v3-609x348.jpg\" height=\"400\" width=\"700\" data-caption=\"Sarkadi Attila, Ciordas Vlad &amp; Pop Alexandru - CN de Wushu Traditional  - Romania 2014\" alt=\"\" class=\"slider-3507 slide-7958 msDefaultImage\" \/><\/a><a href=\"https:\/\/vimeo.com\/130242076\" target=\"_blank\"><img loading=\"lazy\" decoding=\"async\" src=\"https:\/\/golddragon.ro\/wp-content\/uploads\/2017\/04\/v4-609x348.jpg\" height=\"400\" width=\"700\" data-caption=\"Fitero Cristian &amp; Belicciu Horatiu - CN de Wushu Traditional - Romania 2014\" alt=\"\" class=\"slider-3507 slide-7959 msDefaultImage\" \/><\/a><a href=\"https:\/\/vimeo.com\/129448377\" target=\"_blank\"><img loading=\"lazy\" decoding=\"async\" src=\"https:\/\/golddragon.ro\/wp-content\/uploads\/2017\/04\/v5-609x348.jpg\" height=\"400\" width=\"700\" data-caption=\"Caragica Dan &amp; Toth Richard - CN de Wushu Traditional - Romania 2014\" alt=\"\" class=\"slider-3507 slide-7960 msDefaultImage\" \/><\/a><\/div><\/div>\n        \n    <\/div>\n<\/div>\n<p>&nbsp;<\/p>\n<p>&nbsp;<\/p>\n<center><a href=\"https:\/\/youtu.be\/d8COQMTC7gE\" target=\"_blank\" rel=\"noopener noreferrer\"><img loading=\"lazy\" decoding=\"async\" class=\"alignnone size-full wp-image-3248\" title=\"\" src=\"http:\/\/golddragon.ro\/wp-content\/uploads\/2011\/01\/flags.jpg\" alt=\"\" width=\"380\" height=\"260\"><\/a><\/center>\n<p>&nbsp;<\/p>\n<p>&nbsp;<\/p>\n<p>&nbsp;<\/p>\n<center><a href=\"https:\/\/www.facebook.com\/golddragonoradea\" target=\"_blank\" rel=\"noopener noreferrer\"><img loading=\"lazy\" decoding=\"async\" class=\"size-full wp-image-6765 alignnone\" style=\"margin-left: 20px; margin-right: 20px;\" src=\"http:\/\/golddragon.ro\/wp-content\/uploads\/2010\/12\/facebook.png\" width=\"80\" height=\"80\" srcset=\"https:\/\/golddragon.ro\/wp-content\/uploads\/2010\/12\/facebook.png 500w, https:\/\/golddragon.ro\/wp-content\/uploads\/2010\/12\/facebook-150x150.png 150w, https:\/\/golddragon.ro\/wp-content\/uploads\/2010\/12\/facebook-300x300.png 300w\" sizes=\"auto, (max-width: 80px) 100vw, 80px\" \/><\/a><a href=\"http:\/\/vimeo.com\/user4672721\/videos\" target=\"_blank\" rel=\"noopener noreferrer\"><img loading=\"lazy\" decoding=\"async\" class=\"size-full wp-image-6764 alignnone\" style=\"margin-left: 20px; margin-right: 20px;\" src=\"http:\/\/golddragon.ro\/wp-content\/uploads\/2010\/12\/vimeo.png\" width=\"80\" height=\"80\" srcset=\"https:\/\/golddragon.ro\/wp-content\/uploads\/2010\/12\/vimeo.png 500w, https:\/\/golddragon.ro\/wp-content\/uploads\/2010\/12\/vimeo-150x150.png 150w, https:\/\/golddragon.ro\/wp-content\/uploads\/2010\/12\/vimeo-300x300.png 300w\" sizes=\"auto, (max-width: 80px) 100vw, 80px\" \/><\/a><\/center>\n<p><\/p>\n<p>&nbsp;<\/p>","protected":false},"excerpt":{"rendered":"<p>&nbsp; &nbsp; &nbsp; &nbsp; &nbsp; &nbsp; &nbsp; &nbsp; &nbsp;<\/p>\n","protected":false},"author":3,"featured_media":0,"parent":0,"menu_order":0,"comment_status":"closed","ping_status":"closed","template":"","meta":{"ngg_post_thumbnail":0,"jetpack_post_was_ever_published":false,"footnotes":""},"class_list":["post-794","page","type-page","status-publish","hentry"],"yoast_head":"<!-- This site is optimized with the Yoast SEO plugin v26.0 - https:\/\/yoast.com\/wordpress\/plugins\/seo\/ -->\n<title>Home - Gold Dragon Oradea<\/title>\n<meta name=\"robots\" content=\"index, follow, max-snippet:-1, max-image-preview:large, max-video-preview:-1\" \/>\n<link rel=\"canonical\" href=\"https:\/\/golddragon.ro\/\" \/>\n<meta property=\"og:locale\" content=\"hu_HU\" \/>\n<meta property=\"og:type\" content=\"article\" \/>\n<meta property=\"og:title\" content=\"Home - Gold Dragon Oradea\" \/>\n<meta property=\"og:description\" content=\"&nbsp; &nbsp; &nbsp; &nbsp; &nbsp; &nbsp; &nbsp; &nbsp; &nbsp;\" \/>\n<meta property=\"og:url\" content=\"https:\/\/golddragon.ro\/\" \/>\n<meta property=\"og:site_name\" content=\"Gold Dragon Oradea\" \/>\n<meta property=\"article:modified_time\" content=\"2020-05-11T08:14:25+00:00\" \/>\n<meta property=\"og:image\" content=\"http:\/\/golddragon.ro\/wp-content\/uploads\/2011\/01\/romania.gif\" \/>\n<meta name=\"twitter:card\" content=\"summary_large_image\" \/>\n<script type=\"application\/ld+json\" class=\"yoast-schema-graph\">{\"@context\":\"https:\/\/schema.org\",\"@graph\":[{\"@type\":\"WebPage\",\"@id\":\"https:\/\/golddragon.ro\/\",\"url\":\"https:\/\/golddragon.ro\/\",\"name\":\"Home - Gold Dragon Oradea\",\"isPartOf\":{\"@id\":\"https:\/\/golddragon.ro\/#website\"},\"primaryImageOfPage\":{\"@id\":\"https:\/\/golddragon.ro\/#primaryimage\"},\"image\":{\"@id\":\"https:\/\/golddragon.ro\/#primaryimage\"},\"thumbnailUrl\":\"http:\/\/golddragon.ro\/wp-content\/uploads\/2011\/01\/romania.gif\",\"datePublished\":\"2011-01-03T10:51:52+00:00\",\"dateModified\":\"2020-05-11T08:14:25+00:00\",\"breadcrumb\":{\"@id\":\"https:\/\/golddragon.ro\/#breadcrumb\"},\"inLanguage\":\"hu\",\"potentialAction\":[{\"@type\":\"ReadAction\",\"target\":[\"https:\/\/golddragon.ro\/\"]}]},{\"@type\":\"ImageObject\",\"inLanguage\":\"hu\",\"@id\":\"https:\/\/golddragon.ro\/#primaryimage\",\"url\":\"http:\/\/golddragon.ro\/wp-content\/uploads\/2011\/01\/romania.gif\",\"contentUrl\":\"http:\/\/golddragon.ro\/wp-content\/uploads\/2011\/01\/romania.gif\"},{\"@type\":\"BreadcrumbList\",\"@id\":\"https:\/\/golddragon.ro\/#breadcrumb\",\"itemListElement\":[{\"@type\":\"ListItem\",\"position\":1,\"name\":\"Home\",\"item\":\"https:\/\/golddragon.ro\/\"},{\"@type\":\"ListItem\",\"position\":2,\"name\":\"Home\"}]},{\"@type\":\"WebSite\",\"@id\":\"https:\/\/golddragon.ro\/#website\",\"url\":\"https:\/\/golddragon.ro\/\",\"name\":\"Gold Dragon Oradea\",\"description\":\"K\u00ednai harcm\u0171v\u00e9szetek, Kung Fu, Wushu, Tai Chi\",\"potentialAction\":[{\"@type\":\"SearchAction\",\"target\":{\"@type\":\"EntryPoint\",\"urlTemplate\":\"https:\/\/golddragon.ro\/?s={search_term_string}\"},\"query-input\":{\"@type\":\"PropertyValueSpecification\",\"valueRequired\":true,\"valueName\":\"search_term_string\"}}],\"inLanguage\":\"hu\"}]}<\/script>\n<!-- \/ Yoast SEO plugin. -->","yoast_head_json":{"title":"Home - Gold Dragon Oradea","robots":{"index":"index","follow":"follow","max-snippet":"max-snippet:-1","max-image-preview":"max-image-preview:large","max-video-preview":"max-video-preview:-1"},"canonical":"https:\/\/golddragon.ro\/","og_locale":"hu_HU","og_type":"article","og_title":"Home - Gold Dragon Oradea","og_description":"&nbsp; &nbsp; &nbsp; &nbsp; &nbsp; &nbsp; &nbsp; &nbsp; &nbsp;","og_url":"https:\/\/golddragon.ro\/","og_site_name":"Gold Dragon Oradea","article_modified_time":"2020-05-11T08:14:25+00:00","og_image":[{"url":"http:\/\/golddragon.ro\/wp-content\/uploads\/2011\/01\/romania.gif","type":"","width":"","height":""}],"twitter_card":"summary_large_image","schema":{"@context":"https:\/\/schema.org","@graph":[{"@type":"WebPage","@id":"https:\/\/golddragon.ro\/","url":"https:\/\/golddragon.ro\/","name":"Home - Gold Dragon Oradea","isPartOf":{"@id":"https:\/\/golddragon.ro\/#website"},"primaryImageOfPage":{"@id":"https:\/\/golddragon.ro\/#primaryimage"},"image":{"@id":"https:\/\/golddragon.ro\/#primaryimage"},"thumbnailUrl":"http:\/\/golddragon.ro\/wp-content\/uploads\/2011\/01\/romania.gif","datePublished":"2011-01-03T10:51:52+00:00","dateModified":"2020-05-11T08:14:25+00:00","breadcrumb":{"@id":"https:\/\/golddragon.ro\/#breadcrumb"},"inLanguage":"hu","potentialAction":[{"@type":"ReadAction","target":["https:\/\/golddragon.ro\/"]}]},{"@type":"ImageObject","inLanguage":"hu","@id":"https:\/\/golddragon.ro\/#primaryimage","url":"http:\/\/golddragon.ro\/wp-content\/uploads\/2011\/01\/romania.gif","contentUrl":"http:\/\/golddragon.ro\/wp-content\/uploads\/2011\/01\/romania.gif"},{"@type":"BreadcrumbList","@id":"https:\/\/golddragon.ro\/#breadcrumb","itemListElement":[{"@type":"ListItem","position":1,"name":"Home","item":"https:\/\/golddragon.ro\/"},{"@type":"ListItem","position":2,"name":"Home"}]},{"@type":"WebSite","@id":"https:\/\/golddragon.ro\/#website","url":"https:\/\/golddragon.ro\/","name":"Gold Dragon Oradea","description":"K\u00ednai harcm\u0171v\u00e9szetek, Kung Fu, Wushu, Tai Chi","potentialAction":[{"@type":"SearchAction","target":{"@type":"EntryPoint","urlTemplate":"https:\/\/golddragon.ro\/?s={search_term_string}"},"query-input":{"@type":"PropertyValueSpecification","valueRequired":true,"valueName":"search_term_string"}}],"inLanguage":"hu"}]}},"jetpack_sharing_enabled":true,"jetpack_shortlink":"https:\/\/wp.me\/P1KqTI-cO","_links":{"self":[{"href":"https:\/\/golddragon.ro\/hu\/wp-json\/wp\/v2\/pages\/794","targetHints":{"allow":["GET"]}}],"collection":[{"href":"https:\/\/golddragon.ro\/hu\/wp-json\/wp\/v2\/pages"}],"about":[{"href":"https:\/\/golddragon.ro\/hu\/wp-json\/wp\/v2\/types\/page"}],"author":[{"embeddable":true,"href":"https:\/\/golddragon.ro\/hu\/wp-json\/wp\/v2\/users\/3"}],"replies":[{"embeddable":true,"href":"https:\/\/golddragon.ro\/hu\/wp-json\/wp\/v2\/comments?post=794"}],"version-history":[{"count":480,"href":"https:\/\/golddragon.ro\/hu\/wp-json\/wp\/v2\/pages\/794\/revisions"}],"predecessor-version":[{"id":8197,"href":"https:\/\/golddragon.ro\/hu\/wp-json\/wp\/v2\/pages\/794\/revisions\/8197"}],"wp:attachment":[{"href":"https:\/\/golddragon.ro\/hu\/wp-json\/wp\/v2\/media?parent=794"}],"curies":[{"name":"wp","href":"https:\/\/api.w.org\/{rel}","templated":true}]}}