{"id":2639,"date":"2012-03-02T15:04:24","date_gmt":"2012-03-02T12:34:24","guid":{"rendered":"http:\/\/golddragon.ro\/?page_id=2639"},"modified":"2019-02-14T13:46:39","modified_gmt":"2019-02-14T11:46:39","slug":"dan-puric","status":"publish","type":"page","link":"https:\/\/golddragon.ro\/hu\/dan-puric.html","title":{"rendered":"Dan Puric"},"content":{"rendered":"<p class=\"qtranxs-available-languages-message qtranxs-available-languages-message-hu\">Sajnos ennek a bejegyz\u00e9snek csak <a href=\"https:\/\/golddragon.ro\/ro\/wp-json\/wp\/v2\/pages\/2639\" class=\"qtranxs-available-language-link qtranxs-available-language-link-ro\" title=\"Rom\u00e2n\u0103\">Rom\u00e2n\u0103<\/a> nyelv\u0171 v\u00e1ltozata van.<\/p>","protected":false},"excerpt":{"rendered":"<p>Sajnos ennek a bejegyz\u00e9snek csak Rom\u00e2n\u0103 nyelv\u0171 v\u00e1ltozata van.<\/p>\n","protected":false},"author":3,"featured_media":0,"parent":0,"menu_order":0,"comment_status":"closed","ping_status":"open","template":"","meta":{"ngg_post_thumbnail":0,"jetpack_post_was_ever_published":false,"footnotes":""},"class_list":["post-2639","page","type-page","status-publish","hentry"],"yoast_head":"<!-- This site is optimized with the Yoast SEO plugin v26.0 - https:\/\/yoast.com\/wordpress\/plugins\/seo\/ -->\n<title>Dan Puric - Gold Dragon Oradea<\/title>\n<meta name=\"robots\" content=\"index, follow, max-snippet:-1, max-image-preview:large, max-video-preview:-1\" \/>\n<link rel=\"canonical\" href=\"https:\/\/golddragon.ro\/hu\/dan-puric.html\" \/>\n<meta property=\"og:locale\" content=\"hu_HU\" \/>\n<meta property=\"og:type\" content=\"article\" \/>\n<meta property=\"og:title\" content=\"Dan Puric - Gold Dragon Oradea\" \/>\n<meta property=\"og:description\" content=\"Sajnos ennek a bejegyz\u00e9snek csak Rom\u00e2n\u0103 nyelv\u0171 v\u00e1ltozata van.\" \/>\n<meta property=\"og:url\" content=\"https:\/\/golddragon.ro\/hu\/dan-puric.html\" \/>\n<meta property=\"og:site_name\" content=\"Gold Dragon Oradea\" \/>\n<meta property=\"article:modified_time\" content=\"2019-02-14T11:46:39+00:00\" \/>\n<meta property=\"og:image\" content=\"http:\/\/golddragon.ro\/wp-content\/uploads\/2011\/01\/asa.jpg\" \/>\n<meta name=\"twitter:card\" content=\"summary_large_image\" \/>\n<script type=\"application\/ld+json\" class=\"yoast-schema-graph\">{\"@context\":\"https:\/\/schema.org\",\"@graph\":[{\"@type\":\"WebPage\",\"@id\":\"https:\/\/golddragon.ro\/hu\/dan-puric.html\",\"url\":\"https:\/\/golddragon.ro\/hu\/dan-puric.html\",\"name\":\"Dan Puric - Gold Dragon Oradea\",\"isPartOf\":{\"@id\":\"https:\/\/golddragon.ro\/#website\"},\"primaryImageOfPage\":{\"@id\":\"https:\/\/golddragon.ro\/hu\/dan-puric.html#primaryimage\"},\"image\":{\"@id\":\"https:\/\/golddragon.ro\/hu\/dan-puric.html#primaryimage\"},\"thumbnailUrl\":\"http:\/\/golddragon.ro\/wp-content\/uploads\/2011\/01\/asa.jpg\",\"datePublished\":\"2012-03-02T12:34:24+00:00\",\"dateModified\":\"2019-02-14T11:46:39+00:00\",\"breadcrumb\":{\"@id\":\"https:\/\/golddragon.ro\/hu\/dan-puric.html#breadcrumb\"},\"inLanguage\":\"hu\",\"potentialAction\":[{\"@type\":\"ReadAction\",\"target\":[\"https:\/\/golddragon.ro\/hu\/dan-puric.html\"]}]},{\"@type\":\"ImageObject\",\"inLanguage\":\"hu\",\"@id\":\"https:\/\/golddragon.ro\/hu\/dan-puric.html#primaryimage\",\"url\":\"http:\/\/golddragon.ro\/wp-content\/uploads\/2011\/01\/asa.jpg\",\"contentUrl\":\"http:\/\/golddragon.ro\/wp-content\/uploads\/2011\/01\/asa.jpg\"},{\"@type\":\"BreadcrumbList\",\"@id\":\"https:\/\/golddragon.ro\/hu\/dan-puric.html#breadcrumb\",\"itemListElement\":[{\"@type\":\"ListItem\",\"position\":1,\"name\":\"Home\",\"item\":\"https:\/\/golddragon.ro\/\"},{\"@type\":\"ListItem\",\"position\":2,\"name\":\"Dan Puric\"}]},{\"@type\":\"WebSite\",\"@id\":\"https:\/\/golddragon.ro\/#website\",\"url\":\"https:\/\/golddragon.ro\/\",\"name\":\"Gold Dragon Oradea\",\"description\":\"K\u00ednai harcm\u0171v\u00e9szetek, Kung Fu, Wushu, Tai Chi\",\"potentialAction\":[{\"@type\":\"SearchAction\",\"target\":{\"@type\":\"EntryPoint\",\"urlTemplate\":\"https:\/\/golddragon.ro\/?s={search_term_string}\"},\"query-input\":{\"@type\":\"PropertyValueSpecification\",\"valueRequired\":true,\"valueName\":\"search_term_string\"}}],\"inLanguage\":\"hu\"}]}<\/script>\n<!-- \/ Yoast SEO plugin. -->","yoast_head_json":{"title":"Dan Puric - Gold Dragon Oradea","robots":{"index":"index","follow":"follow","max-snippet":"max-snippet:-1","max-image-preview":"max-image-preview:large","max-video-preview":"max-video-preview:-1"},"canonical":"https:\/\/golddragon.ro\/hu\/dan-puric.html","og_locale":"hu_HU","og_type":"article","og_title":"Dan Puric - Gold Dragon Oradea","og_description":"Sajnos ennek a bejegyz\u00e9snek csak Rom\u00e2n\u0103 nyelv\u0171 v\u00e1ltozata van.","og_url":"https:\/\/golddragon.ro\/hu\/dan-puric.html","og_site_name":"Gold Dragon Oradea","article_modified_time":"2019-02-14T11:46:39+00:00","og_image":[{"url":"http:\/\/golddragon.ro\/wp-content\/uploads\/2011\/01\/asa.jpg","type":"","width":"","height":""}],"twitter_card":"summary_large_image","schema":{"@context":"https:\/\/schema.org","@graph":[{"@type":"WebPage","@id":"https:\/\/golddragon.ro\/hu\/dan-puric.html","url":"https:\/\/golddragon.ro\/hu\/dan-puric.html","name":"Dan Puric - Gold Dragon Oradea","isPartOf":{"@id":"https:\/\/golddragon.ro\/#website"},"primaryImageOfPage":{"@id":"https:\/\/golddragon.ro\/hu\/dan-puric.html#primaryimage"},"image":{"@id":"https:\/\/golddragon.ro\/hu\/dan-puric.html#primaryimage"},"thumbnailUrl":"http:\/\/golddragon.ro\/wp-content\/uploads\/2011\/01\/asa.jpg","datePublished":"2012-03-02T12:34:24+00:00","dateModified":"2019-02-14T11:46:39+00:00","breadcrumb":{"@id":"https:\/\/golddragon.ro\/hu\/dan-puric.html#breadcrumb"},"inLanguage":"hu","potentialAction":[{"@type":"ReadAction","target":["https:\/\/golddragon.ro\/hu\/dan-puric.html"]}]},{"@type":"ImageObject","inLanguage":"hu","@id":"https:\/\/golddragon.ro\/hu\/dan-puric.html#primaryimage","url":"http:\/\/golddragon.ro\/wp-content\/uploads\/2011\/01\/asa.jpg","contentUrl":"http:\/\/golddragon.ro\/wp-content\/uploads\/2011\/01\/asa.jpg"},{"@type":"BreadcrumbList","@id":"https:\/\/golddragon.ro\/hu\/dan-puric.html#breadcrumb","itemListElement":[{"@type":"ListItem","position":1,"name":"Home","item":"https:\/\/golddragon.ro\/"},{"@type":"ListItem","position":2,"name":"Dan Puric"}]},{"@type":"WebSite","@id":"https:\/\/golddragon.ro\/#website","url":"https:\/\/golddragon.ro\/","name":"Gold Dragon Oradea","description":"K\u00ednai harcm\u0171v\u00e9szetek, Kung Fu, Wushu, Tai Chi","potentialAction":[{"@type":"SearchAction","target":{"@type":"EntryPoint","urlTemplate":"https:\/\/golddragon.ro\/?s={search_term_string}"},"query-input":{"@type":"PropertyValueSpecification","valueRequired":true,"valueName":"search_term_string"}}],"inLanguage":"hu"}]}},"jetpack_sharing_enabled":true,"jetpack_shortlink":"https:\/\/wp.me\/P1KqTI-Gz","_links":{"self":[{"href":"https:\/\/golddragon.ro\/hu\/wp-json\/wp\/v2\/pages\/2639","targetHints":{"allow":["GET"]}}],"collection":[{"href":"https:\/\/golddragon.ro\/hu\/wp-json\/wp\/v2\/pages"}],"about":[{"href":"https:\/\/golddragon.ro\/hu\/wp-json\/wp\/v2\/types\/page"}],"author":[{"embeddable":true,"href":"https:\/\/golddragon.ro\/hu\/wp-json\/wp\/v2\/users\/3"}],"replies":[{"embeddable":true,"href":"https:\/\/golddragon.ro\/hu\/wp-json\/wp\/v2\/comments?post=2639"}],"version-history":[{"count":94,"href":"https:\/\/golddragon.ro\/hu\/wp-json\/wp\/v2\/pages\/2639\/revisions"}],"predecessor-version":[{"id":7936,"href":"https:\/\/golddragon.ro\/hu\/wp-json\/wp\/v2\/pages\/2639\/revisions\/7936"}],"wp:attachment":[{"href":"https:\/\/golddragon.ro\/hu\/wp-json\/wp\/v2\/media?parent=2639"}],"curies":[{"name":"wp","href":"https:\/\/api.w.org\/{rel}","templated":true}]}}