{"id":262,"date":"2010-12-22T15:38:31","date_gmt":"2010-12-22T15:38:31","guid":{"rendered":"http:\/\/2011.golddragon.ro\/?page_id=262"},"modified":"2019-02-15T18:00:18","modified_gmt":"2019-02-15T16:00:18","slug":"rezultatele-echipei","status":"publish","type":"page","link":"https:\/\/golddragon.ro\/hu\/echipa\/rezultatele-echipei.html","title":{"rendered":"Csapat eredm\u00e9nyei"},"content":{"rendered":"<p class=\"qtranxs-available-languages-message qtranxs-available-languages-message-hu\">Sajnos ennek a bejegyz\u00e9snek csak <a href=\"https:\/\/golddragon.ro\/ro\/wp-json\/wp\/v2\/pages\/262\" class=\"qtranxs-available-language-link qtranxs-available-language-link-ro\" title=\"Rom\u00e2n\u0103\">Rom\u00e2n\u0103<\/a> nyelv\u0171 v\u00e1ltozata van.<\/p>","protected":false},"excerpt":{"rendered":"<p>Sajnos ennek a bejegyz\u00e9snek csak Rom\u00e2n\u0103 nyelv\u0171 v\u00e1ltozata van.<\/p>\n","protected":false},"author":3,"featured_media":0,"parent":9,"menu_order":1,"comment_status":"closed","ping_status":"open","template":"","meta":{"ngg_post_thumbnail":0,"jetpack_post_was_ever_published":false,"footnotes":""},"class_list":["post-262","page","type-page","status-publish","hentry"],"yoast_head":"<!-- This site is optimized with the Yoast SEO plugin v26.0 - https:\/\/yoast.com\/wordpress\/plugins\/seo\/ -->\n<title>Csapat eredm\u00e9nyei - Gold Dragon Oradea<\/title>\n<meta name=\"robots\" content=\"index, follow, max-snippet:-1, max-image-preview:large, max-video-preview:-1\" \/>\n<link rel=\"canonical\" href=\"https:\/\/golddragon.ro\/de\/echipa\/rezultatele-echipei.html\" \/>\n<meta property=\"og:locale\" content=\"hu_HU\" \/>\n<meta property=\"og:type\" content=\"article\" \/>\n<meta property=\"og:title\" content=\"Csapat eredm\u00e9nyei - Gold Dragon Oradea\" \/>\n<meta property=\"og:description\" content=\"Sajnos ennek a bejegyz\u00e9snek csak Rom\u00e2n\u0103 nyelv\u0171 v\u00e1ltozata van.\" \/>\n<meta property=\"og:url\" content=\"https:\/\/golddragon.ro\/de\/echipa\/rezultatele-echipei.html\" \/>\n<meta property=\"og:site_name\" content=\"Gold Dragon Oradea\" \/>\n<meta property=\"article:modified_time\" content=\"2019-02-15T16:00:18+00:00\" \/>\n<meta property=\"og:image\" content=\"http:\/\/golddragon.ro\/wp-content\/uploads\/2010\/12\/rezultatele-echipei.jpg\" \/>\n<meta name=\"twitter:card\" content=\"summary_large_image\" \/>\n<script type=\"application\/ld+json\" class=\"yoast-schema-graph\">{\"@context\":\"https:\/\/schema.org\",\"@graph\":[{\"@type\":\"WebPage\",\"@id\":\"https:\/\/golddragon.ro\/de\/echipa\/rezultatele-echipei.html\",\"url\":\"https:\/\/golddragon.ro\/de\/echipa\/rezultatele-echipei.html\",\"name\":\"Csapat eredm\u00e9nyei - Gold Dragon Oradea\",\"isPartOf\":{\"@id\":\"https:\/\/golddragon.ro\/#website\"},\"primaryImageOfPage\":{\"@id\":\"https:\/\/golddragon.ro\/de\/echipa\/rezultatele-echipei.html#primaryimage\"},\"image\":{\"@id\":\"https:\/\/golddragon.ro\/de\/echipa\/rezultatele-echipei.html#primaryimage\"},\"thumbnailUrl\":\"http:\/\/golddragon.ro\/wp-content\/uploads\/2010\/12\/rezultatele-echipei.jpg\",\"datePublished\":\"2010-12-22T15:38:31+00:00\",\"dateModified\":\"2019-02-15T16:00:18+00:00\",\"breadcrumb\":{\"@id\":\"https:\/\/golddragon.ro\/de\/echipa\/rezultatele-echipei.html#breadcrumb\"},\"inLanguage\":\"hu\",\"potentialAction\":[{\"@type\":\"ReadAction\",\"target\":[\"https:\/\/golddragon.ro\/de\/echipa\/rezultatele-echipei.html\"]}]},{\"@type\":\"ImageObject\",\"inLanguage\":\"hu\",\"@id\":\"https:\/\/golddragon.ro\/de\/echipa\/rezultatele-echipei.html#primaryimage\",\"url\":\"http:\/\/golddragon.ro\/wp-content\/uploads\/2010\/12\/rezultatele-echipei.jpg\",\"contentUrl\":\"http:\/\/golddragon.ro\/wp-content\/uploads\/2010\/12\/rezultatele-echipei.jpg\"},{\"@type\":\"BreadcrumbList\",\"@id\":\"https:\/\/golddragon.ro\/de\/echipa\/rezultatele-echipei.html#breadcrumb\",\"itemListElement\":[{\"@type\":\"ListItem\",\"position\":1,\"name\":\"Home\",\"item\":\"https:\/\/golddragon.ro\/\"},{\"@type\":\"ListItem\",\"position\":2,\"name\":\"Team\",\"item\":\"https:\/\/golddragon.ro\/de\/echipa.html\"},{\"@type\":\"ListItem\",\"position\":3,\"name\":\"Team ergebnisse\"}]},{\"@type\":\"WebSite\",\"@id\":\"https:\/\/golddragon.ro\/#website\",\"url\":\"https:\/\/golddragon.ro\/\",\"name\":\"Gold Dragon Oradea\",\"description\":\"K\u00ednai harcm\u0171v\u00e9szetek, Kung Fu, Wushu, Tai Chi\",\"potentialAction\":[{\"@type\":\"SearchAction\",\"target\":{\"@type\":\"EntryPoint\",\"urlTemplate\":\"https:\/\/golddragon.ro\/?s={search_term_string}\"},\"query-input\":{\"@type\":\"PropertyValueSpecification\",\"valueRequired\":true,\"valueName\":\"search_term_string\"}}],\"inLanguage\":\"hu\"}]}<\/script>\n<!-- \/ Yoast SEO plugin. -->","yoast_head_json":{"title":"Csapat eredm\u00e9nyei - Gold Dragon Oradea","robots":{"index":"index","follow":"follow","max-snippet":"max-snippet:-1","max-image-preview":"max-image-preview:large","max-video-preview":"max-video-preview:-1"},"canonical":"https:\/\/golddragon.ro\/de\/echipa\/rezultatele-echipei.html","og_locale":"hu_HU","og_type":"article","og_title":"Csapat eredm\u00e9nyei - Gold Dragon Oradea","og_description":"Sajnos ennek a bejegyz\u00e9snek csak Rom\u00e2n\u0103 nyelv\u0171 v\u00e1ltozata van.","og_url":"https:\/\/golddragon.ro\/de\/echipa\/rezultatele-echipei.html","og_site_name":"Gold Dragon Oradea","article_modified_time":"2019-02-15T16:00:18+00:00","og_image":[{"url":"http:\/\/golddragon.ro\/wp-content\/uploads\/2010\/12\/rezultatele-echipei.jpg","type":"","width":"","height":""}],"twitter_card":"summary_large_image","schema":{"@context":"https:\/\/schema.org","@graph":[{"@type":"WebPage","@id":"https:\/\/golddragon.ro\/de\/echipa\/rezultatele-echipei.html","url":"https:\/\/golddragon.ro\/de\/echipa\/rezultatele-echipei.html","name":"Csapat eredm\u00e9nyei - Gold Dragon Oradea","isPartOf":{"@id":"https:\/\/golddragon.ro\/#website"},"primaryImageOfPage":{"@id":"https:\/\/golddragon.ro\/de\/echipa\/rezultatele-echipei.html#primaryimage"},"image":{"@id":"https:\/\/golddragon.ro\/de\/echipa\/rezultatele-echipei.html#primaryimage"},"thumbnailUrl":"http:\/\/golddragon.ro\/wp-content\/uploads\/2010\/12\/rezultatele-echipei.jpg","datePublished":"2010-12-22T15:38:31+00:00","dateModified":"2019-02-15T16:00:18+00:00","breadcrumb":{"@id":"https:\/\/golddragon.ro\/de\/echipa\/rezultatele-echipei.html#breadcrumb"},"inLanguage":"hu","potentialAction":[{"@type":"ReadAction","target":["https:\/\/golddragon.ro\/de\/echipa\/rezultatele-echipei.html"]}]},{"@type":"ImageObject","inLanguage":"hu","@id":"https:\/\/golddragon.ro\/de\/echipa\/rezultatele-echipei.html#primaryimage","url":"http:\/\/golddragon.ro\/wp-content\/uploads\/2010\/12\/rezultatele-echipei.jpg","contentUrl":"http:\/\/golddragon.ro\/wp-content\/uploads\/2010\/12\/rezultatele-echipei.jpg"},{"@type":"BreadcrumbList","@id":"https:\/\/golddragon.ro\/de\/echipa\/rezultatele-echipei.html#breadcrumb","itemListElement":[{"@type":"ListItem","position":1,"name":"Home","item":"https:\/\/golddragon.ro\/"},{"@type":"ListItem","position":2,"name":"Team","item":"https:\/\/golddragon.ro\/de\/echipa.html"},{"@type":"ListItem","position":3,"name":"Team ergebnisse"}]},{"@type":"WebSite","@id":"https:\/\/golddragon.ro\/#website","url":"https:\/\/golddragon.ro\/","name":"Gold Dragon Oradea","description":"K\u00ednai harcm\u0171v\u00e9szetek, Kung Fu, Wushu, Tai Chi","potentialAction":[{"@type":"SearchAction","target":{"@type":"EntryPoint","urlTemplate":"https:\/\/golddragon.ro\/?s={search_term_string}"},"query-input":{"@type":"PropertyValueSpecification","valueRequired":true,"valueName":"search_term_string"}}],"inLanguage":"hu"}]}},"jetpack_sharing_enabled":true,"jetpack_shortlink":"https:\/\/wp.me\/P1KqTI-4e","_links":{"self":[{"href":"https:\/\/golddragon.ro\/hu\/wp-json\/wp\/v2\/pages\/262","targetHints":{"allow":["GET"]}}],"collection":[{"href":"https:\/\/golddragon.ro\/hu\/wp-json\/wp\/v2\/pages"}],"about":[{"href":"https:\/\/golddragon.ro\/hu\/wp-json\/wp\/v2\/types\/page"}],"author":[{"embeddable":true,"href":"https:\/\/golddragon.ro\/hu\/wp-json\/wp\/v2\/users\/3"}],"replies":[{"embeddable":true,"href":"https:\/\/golddragon.ro\/hu\/wp-json\/wp\/v2\/comments?post=262"}],"version-history":[{"count":36,"href":"https:\/\/golddragon.ro\/hu\/wp-json\/wp\/v2\/pages\/262\/revisions"}],"predecessor-version":[{"id":7622,"href":"https:\/\/golddragon.ro\/hu\/wp-json\/wp\/v2\/pages\/262\/revisions\/7622"}],"up":[{"embeddable":true,"href":"https:\/\/golddragon.ro\/hu\/wp-json\/wp\/v2\/pages\/9"}],"wp:attachment":[{"href":"https:\/\/golddragon.ro\/hu\/wp-json\/wp\/v2\/media?parent=262"}],"curies":[{"name":"wp","href":"https:\/\/api.w.org\/{rel}","templated":true}]}}