{"id":25,"date":"2010-12-18T15:04:49","date_gmt":"2010-12-18T15:04:49","guid":{"rendered":"http:\/\/2011.golddragon.ro\/?page_id=25"},"modified":"2019-02-14T13:46:56","modified_gmt":"2019-02-14T11:46:56","slug":"contact","status":"publish","type":"page","link":"https:\/\/golddragon.ro\/hu\/contact.html","title":{"rendered":"Elerhetoseg"},"content":{"rendered":"<p><\/p>\n<p style=\"text-align: center;\"><span style=\"color: #000000;\">&nbsp;<\/span><\/p>\n<h1 style=\"text-align: center;\"><span style=\"color: #000000;\">Edz\u0151 (Shifu):<\/span><\/h1>\n<p style=\"text-align: center;\"><span style=\"color: #000000;\"><a href=\"http:\/\/golddragon.ro\/antrenor.html\">Romeo Gozner<\/a> &#8211; romigozner@golddragon.ro; +4-0748-195-626&nbsp;<\/span><\/p>\n<p style=\"text-align: center;\"><span style=\"color: #000000;\">&nbsp;<\/span><\/p>\n<h1 style=\"text-align: center;\"><span style=\"color: #000000;\">Oktat\u00f3k (Laoshi):<\/span><\/h1>\n<p style=\"text-align: center;\"><span style=\"color: #000000;\"><a href=\"http:\/\/golddragon.ro\/instructor.html\">Dan Caragica<\/a> &#8211; +4-0752-394-432<\/span><\/p>\n<p style=\"text-align: center;\"><span style=\"color: #000000;\">Attila Sarkadi &#8211; +4-0751-058-673<\/span><\/p>\n<p style=\"text-align: center;\"><span style=\"color: #000000;\">&nbsp;<\/span><\/p>\n<h1 style=\"text-align: center;\"><span style=\"color: #000000;\">Webmaster:<\/span><\/h1>\n<p style=\"text-align: center;\"><span style=\"color: #000000;\">Peter Kiss &#8211; webmaster@golddragon.ro<\/span><\/p>\n<p style=\"text-align: center;\"><span style=\"color: #000000;\">&nbsp;<\/span><\/p>\n<p style=\"text-align: center;\"><span style=\"color: #000000;\">&nbsp;<\/span><\/p>\n<h1 style=\"text-align: center;\"><span style=\"color: #000000;\">C\u00edm \u00e9s program:<\/span><\/h1>\n<p style=\"text-align: center;\"><span style=\"color: #000000;\">Nagyv\u00e1rad, Dacia K\u00f6r\u00fat 25, Dacia Iskola, tornaterem (r\u00e9gi)<\/span><\/p>\n<p style=\"text-align: center;\"><span style=\"color: #000000;\">Szerda, P\u00e9ntek \u2013 19:00 &#8211; 21:00<\/span><\/p>\n<p style=\"text-align: center;\"><span style=\"color: #000000;\">&nbsp;<\/span><\/p>\n<p><center><iframe loading=\"lazy\" src=\"https:\/\/www.google.com\/maps\/embed?pb=!1m14!1m8!1m3!1d10870.186456261152!2d21.9278183!3d47.0687435!3m2!1i1024!2i768!4f13.1!3m3!1m2!1s0x0%3A0xed7c32233057918d!2sGold+Dragon+Oradea!5e0!3m2!1sro!2sro!4v1549300285838\" width=\"680\" height=\"450\" frameborder=\"0\" style=\"border:0\" allowfullscreen><\/iframe><\/center><br \/>\n&nbsp;<\/p>\n<p><center><a href=\"https:\/\/www.facebook.com\/golddragonoradea\" target=\"_blank\"><img loading=\"lazy\" decoding=\"async\" class=\"size-full wp-image-6765 alignnone\" style=\"margin-left: 20px; margin-right: 20px;\" src=\"http:\/\/golddragon.ro\/wp-content\/uploads\/2010\/12\/facebook.png\" width=\"80\" height=\"80\" srcset=\"https:\/\/golddragon.ro\/wp-content\/uploads\/2010\/12\/facebook.png 500w, https:\/\/golddragon.ro\/wp-content\/uploads\/2010\/12\/facebook-150x150.png 150w, https:\/\/golddragon.ro\/wp-content\/uploads\/2010\/12\/facebook-300x300.png 300w\" sizes=\"auto, (max-width: 80px) 100vw, 80px\" \/><\/a><a href=\"http:\/\/vimeo.com\/user4672721\/videos\" target=\"_blank\"><img loading=\"lazy\" decoding=\"async\" class=\"size-full wp-image-6764 alignnone\" style=\"margin-left: 20px; margin-right: 20px;\" src=\"http:\/\/golddragon.ro\/wp-content\/uploads\/2010\/12\/vimeo.png\" width=\"80\" height=\"80\" srcset=\"https:\/\/golddragon.ro\/wp-content\/uploads\/2010\/12\/vimeo.png 500w, https:\/\/golddragon.ro\/wp-content\/uploads\/2010\/12\/vimeo-150x150.png 150w, https:\/\/golddragon.ro\/wp-content\/uploads\/2010\/12\/vimeo-300x300.png 300w\" sizes=\"auto, (max-width: 80px) 100vw, 80px\" \/><\/a><\/center><\/p>","protected":false},"excerpt":{"rendered":"<p>&nbsp; Edz\u0151 (Shifu): Romeo Gozner &#8211; romigozner@golddragon.ro; +4-0748-195-626&nbsp; &nbsp; Oktat\u00f3k (Laoshi): Dan Caragica &#8211; +4-0752-394-432 Attila Sarkadi &#8211; +4-0751-058-673 &nbsp; Webmaster: Peter Kiss &#8211; webmaster@golddragon.ro &nbsp; &nbsp; C\u00edm \u00e9s program: Nagyv\u00e1rad, Dacia K\u00f6r\u00fat 25, Dacia Iskola, tornaterem (r\u00e9gi) Szerda, P\u00e9ntek \u2013 19:00 &#8211; 21:00 &nbsp; &nbsp;<\/p>\n","protected":false},"author":3,"featured_media":0,"parent":0,"menu_order":0,"comment_status":"closed","ping_status":"open","template":"","meta":{"ngg_post_thumbnail":0,"jetpack_post_was_ever_published":false,"footnotes":""},"class_list":["post-25","page","type-page","status-publish","hentry"],"yoast_head":"<!-- This site is optimized with the Yoast SEO plugin v26.0 - https:\/\/yoast.com\/wordpress\/plugins\/seo\/ -->\n<title>Elerhetoseg - Gold Dragon Oradea<\/title>\n<meta name=\"robots\" content=\"index, follow, max-snippet:-1, max-image-preview:large, max-video-preview:-1\" \/>\n<link rel=\"canonical\" href=\"https:\/\/golddragon.ro\/contact.html\" \/>\n<meta property=\"og:locale\" content=\"hu_HU\" \/>\n<meta property=\"og:type\" content=\"article\" \/>\n<meta property=\"og:title\" content=\"Elerhetoseg - Gold Dragon Oradea\" \/>\n<meta property=\"og:description\" content=\"&nbsp; Edz\u0151 (Shifu): Romeo Gozner &#8211; romigozner@golddragon.ro; +4-0748-195-626&nbsp; &nbsp; Oktat\u00f3k (Laoshi): Dan Caragica &#8211; +4-0752-394-432 Attila Sarkadi &#8211; +4-0751-058-673 &nbsp; Webmaster: Peter Kiss &#8211; webmaster@golddragon.ro &nbsp; &nbsp; C\u00edm \u00e9s program: Nagyv\u00e1rad, Dacia K\u00f6r\u00fat 25, Dacia Iskola, tornaterem (r\u00e9gi) Szerda, P\u00e9ntek \u2013 19:00 &#8211; 21:00 &nbsp; &nbsp;\" \/>\n<meta property=\"og:url\" content=\"https:\/\/golddragon.ro\/contact.html\" \/>\n<meta property=\"og:site_name\" content=\"Gold Dragon Oradea\" \/>\n<meta property=\"article:modified_time\" content=\"2019-02-14T11:46:56+00:00\" \/>\n<meta property=\"og:image\" content=\"http:\/\/golddragon.ro\/wp-content\/uploads\/2010\/12\/facebook.png\" \/>\n<meta name=\"twitter:card\" content=\"summary_large_image\" \/>\n<meta name=\"twitter:label1\" content=\"Becs\u00fclt olvas\u00e1si id\u0151\" \/>\n\t<meta name=\"twitter:data1\" content=\"1 perc\" \/>\n<script type=\"application\/ld+json\" class=\"yoast-schema-graph\">{\"@context\":\"https:\/\/schema.org\",\"@graph\":[{\"@type\":\"WebPage\",\"@id\":\"https:\/\/golddragon.ro\/contact.html\",\"url\":\"https:\/\/golddragon.ro\/contact.html\",\"name\":\"Elerhetoseg - Gold Dragon Oradea\",\"isPartOf\":{\"@id\":\"https:\/\/golddragon.ro\/#website\"},\"primaryImageOfPage\":{\"@id\":\"https:\/\/golddragon.ro\/contact.html#primaryimage\"},\"image\":{\"@id\":\"https:\/\/golddragon.ro\/contact.html#primaryimage\"},\"thumbnailUrl\":\"http:\/\/golddragon.ro\/wp-content\/uploads\/2010\/12\/facebook.png\",\"datePublished\":\"2010-12-18T15:04:49+00:00\",\"dateModified\":\"2019-02-14T11:46:56+00:00\",\"breadcrumb\":{\"@id\":\"https:\/\/golddragon.ro\/contact.html#breadcrumb\"},\"inLanguage\":\"hu\",\"potentialAction\":[{\"@type\":\"ReadAction\",\"target\":[\"https:\/\/golddragon.ro\/contact.html\"]}]},{\"@type\":\"ImageObject\",\"inLanguage\":\"hu\",\"@id\":\"https:\/\/golddragon.ro\/contact.html#primaryimage\",\"url\":\"http:\/\/golddragon.ro\/wp-content\/uploads\/2010\/12\/facebook.png\",\"contentUrl\":\"http:\/\/golddragon.ro\/wp-content\/uploads\/2010\/12\/facebook.png\"},{\"@type\":\"BreadcrumbList\",\"@id\":\"https:\/\/golddragon.ro\/contact.html#breadcrumb\",\"itemListElement\":[{\"@type\":\"ListItem\",\"position\":1,\"name\":\"Home\",\"item\":\"https:\/\/golddragon.ro\/\"},{\"@type\":\"ListItem\",\"position\":2,\"name\":\"Contact\"}]},{\"@type\":\"WebSite\",\"@id\":\"https:\/\/golddragon.ro\/#website\",\"url\":\"https:\/\/golddragon.ro\/\",\"name\":\"Gold Dragon Oradea\",\"description\":\"K\u00ednai harcm\u0171v\u00e9szetek, Kung Fu, Wushu, Tai Chi\",\"potentialAction\":[{\"@type\":\"SearchAction\",\"target\":{\"@type\":\"EntryPoint\",\"urlTemplate\":\"https:\/\/golddragon.ro\/?s={search_term_string}\"},\"query-input\":{\"@type\":\"PropertyValueSpecification\",\"valueRequired\":true,\"valueName\":\"search_term_string\"}}],\"inLanguage\":\"hu\"}]}<\/script>\n<!-- \/ Yoast SEO plugin. -->","yoast_head_json":{"title":"Elerhetoseg - Gold Dragon Oradea","robots":{"index":"index","follow":"follow","max-snippet":"max-snippet:-1","max-image-preview":"max-image-preview:large","max-video-preview":"max-video-preview:-1"},"canonical":"https:\/\/golddragon.ro\/contact.html","og_locale":"hu_HU","og_type":"article","og_title":"Elerhetoseg - Gold Dragon Oradea","og_description":"&nbsp; Edz\u0151 (Shifu): Romeo Gozner &#8211; romigozner@golddragon.ro; +4-0748-195-626&nbsp; &nbsp; Oktat\u00f3k (Laoshi): Dan Caragica &#8211; +4-0752-394-432 Attila Sarkadi &#8211; +4-0751-058-673 &nbsp; Webmaster: Peter Kiss &#8211; webmaster@golddragon.ro &nbsp; &nbsp; C\u00edm \u00e9s program: Nagyv\u00e1rad, Dacia K\u00f6r\u00fat 25, Dacia Iskola, tornaterem (r\u00e9gi) Szerda, P\u00e9ntek \u2013 19:00 &#8211; 21:00 &nbsp; &nbsp;","og_url":"https:\/\/golddragon.ro\/contact.html","og_site_name":"Gold Dragon Oradea","article_modified_time":"2019-02-14T11:46:56+00:00","og_image":[{"url":"http:\/\/golddragon.ro\/wp-content\/uploads\/2010\/12\/facebook.png","type":"","width":"","height":""}],"twitter_card":"summary_large_image","twitter_misc":{"Becs\u00fclt olvas\u00e1si id\u0151":"1 perc"},"schema":{"@context":"https:\/\/schema.org","@graph":[{"@type":"WebPage","@id":"https:\/\/golddragon.ro\/contact.html","url":"https:\/\/golddragon.ro\/contact.html","name":"Elerhetoseg - Gold Dragon Oradea","isPartOf":{"@id":"https:\/\/golddragon.ro\/#website"},"primaryImageOfPage":{"@id":"https:\/\/golddragon.ro\/contact.html#primaryimage"},"image":{"@id":"https:\/\/golddragon.ro\/contact.html#primaryimage"},"thumbnailUrl":"http:\/\/golddragon.ro\/wp-content\/uploads\/2010\/12\/facebook.png","datePublished":"2010-12-18T15:04:49+00:00","dateModified":"2019-02-14T11:46:56+00:00","breadcrumb":{"@id":"https:\/\/golddragon.ro\/contact.html#breadcrumb"},"inLanguage":"hu","potentialAction":[{"@type":"ReadAction","target":["https:\/\/golddragon.ro\/contact.html"]}]},{"@type":"ImageObject","inLanguage":"hu","@id":"https:\/\/golddragon.ro\/contact.html#primaryimage","url":"http:\/\/golddragon.ro\/wp-content\/uploads\/2010\/12\/facebook.png","contentUrl":"http:\/\/golddragon.ro\/wp-content\/uploads\/2010\/12\/facebook.png"},{"@type":"BreadcrumbList","@id":"https:\/\/golddragon.ro\/contact.html#breadcrumb","itemListElement":[{"@type":"ListItem","position":1,"name":"Home","item":"https:\/\/golddragon.ro\/"},{"@type":"ListItem","position":2,"name":"Contact"}]},{"@type":"WebSite","@id":"https:\/\/golddragon.ro\/#website","url":"https:\/\/golddragon.ro\/","name":"Gold Dragon Oradea","description":"K\u00ednai harcm\u0171v\u00e9szetek, Kung Fu, Wushu, Tai Chi","potentialAction":[{"@type":"SearchAction","target":{"@type":"EntryPoint","urlTemplate":"https:\/\/golddragon.ro\/?s={search_term_string}"},"query-input":{"@type":"PropertyValueSpecification","valueRequired":true,"valueName":"search_term_string"}}],"inLanguage":"hu"}]}},"jetpack_sharing_enabled":true,"jetpack_shortlink":"https:\/\/wp.me\/P1KqTI-p","_links":{"self":[{"href":"https:\/\/golddragon.ro\/hu\/wp-json\/wp\/v2\/pages\/25","targetHints":{"allow":["GET"]}}],"collection":[{"href":"https:\/\/golddragon.ro\/hu\/wp-json\/wp\/v2\/pages"}],"about":[{"href":"https:\/\/golddragon.ro\/hu\/wp-json\/wp\/v2\/types\/page"}],"author":[{"embeddable":true,"href":"https:\/\/golddragon.ro\/hu\/wp-json\/wp\/v2\/users\/3"}],"replies":[{"embeddable":true,"href":"https:\/\/golddragon.ro\/hu\/wp-json\/wp\/v2\/comments?post=25"}],"version-history":[{"count":89,"href":"https:\/\/golddragon.ro\/hu\/wp-json\/wp\/v2\/pages\/25\/revisions"}],"predecessor-version":[{"id":8063,"href":"https:\/\/golddragon.ro\/hu\/wp-json\/wp\/v2\/pages\/25\/revisions\/8063"}],"wp:attachment":[{"href":"https:\/\/golddragon.ro\/hu\/wp-json\/wp\/v2\/media?parent=25"}],"curies":[{"name":"wp","href":"https:\/\/api.w.org\/{rel}","templated":true}]}}