{"id":2122,"date":"2011-08-13T18:32:38","date_gmt":"2011-08-13T16:02:38","guid":{"rendered":"http:\/\/golddragon.ro\/?page_id=2122"},"modified":"2019-02-14T13:46:56","modified_gmt":"2019-02-14T11:46:56","slug":"dictionar","status":"publish","type":"page","link":"https:\/\/golddragon.ro\/de\/dictionar.html","title":{"rendered":"Worterbuch"},"content":{"rendered":"<p class=\"qtranxs-available-languages-message qtranxs-available-languages-message-de\">Leider ist der Eintrag nur auf <a href=\"https:\/\/golddragon.ro\/ro\/wp-json\/wp\/v2\/pages\/2122\" class=\"qtranxs-available-language-link qtranxs-available-language-link-ro\" title=\"Rom\u00e2n\u0103\">Rom\u00e2n\u0103<\/a> und <a href=\"https:\/\/golddragon.ro\/en\/wp-json\/wp\/v2\/pages\/2122\" class=\"qtranxs-available-language-link qtranxs-available-language-link-en\" title=\"English\">English<\/a> verf\u00fcgbar.<\/p>","protected":false},"excerpt":{"rendered":"<p>Leider ist der Eintrag nur auf Rom\u00e2n\u0103 und English verf\u00fcgbar.<\/p>\n","protected":false},"author":3,"featured_media":0,"parent":0,"menu_order":0,"comment_status":"closed","ping_status":"open","template":"","meta":{"ngg_post_thumbnail":0,"jetpack_post_was_ever_published":false,"footnotes":""},"class_list":["post-2122","page","type-page","status-publish","hentry"],"yoast_head":"<!-- This site is optimized with the Yoast SEO plugin v26.0 - https:\/\/yoast.com\/wordpress\/plugins\/seo\/ -->\n<title>Worterbuch - Gold Dragon Oradea<\/title>\n<meta name=\"robots\" content=\"index, follow, max-snippet:-1, max-image-preview:large, max-video-preview:-1\" \/>\n<link rel=\"canonical\" href=\"https:\/\/golddragon.ro\/dictionar.html\" \/>\n<meta property=\"og:locale\" content=\"de_DE\" \/>\n<meta property=\"og:type\" content=\"article\" \/>\n<meta property=\"og:title\" content=\"Worterbuch - Gold Dragon Oradea\" \/>\n<meta property=\"og:description\" content=\"Leider ist der Eintrag nur auf Rom\u00e2n\u0103 und English verf\u00fcgbar.\" \/>\n<meta property=\"og:url\" content=\"https:\/\/golddragon.ro\/dictionar.html\" \/>\n<meta property=\"og:site_name\" content=\"Gold Dragon Oradea\" \/>\n<meta property=\"article:modified_time\" content=\"2019-02-14T11:46:56+00:00\" \/>\n<meta property=\"og:image\" content=\"http:\/\/golddragon.ro\/wp-content\/uploads\/2010\/12\/1-left1.gif\" \/>\n<meta name=\"twitter:card\" content=\"summary_large_image\" \/>\n<meta name=\"twitter:label1\" content=\"Gesch\u00e4tzte Lesezeit\" \/>\n\t<meta name=\"twitter:data1\" content=\"8\u00a0Minuten\" \/>\n<script type=\"application\/ld+json\" class=\"yoast-schema-graph\">{\"@context\":\"https:\/\/schema.org\",\"@graph\":[{\"@type\":\"WebPage\",\"@id\":\"https:\/\/golddragon.ro\/dictionar.html\",\"url\":\"https:\/\/golddragon.ro\/dictionar.html\",\"name\":\"Worterbuch - Gold Dragon Oradea\",\"isPartOf\":{\"@id\":\"https:\/\/golddragon.ro\/#website\"},\"primaryImageOfPage\":{\"@id\":\"https:\/\/golddragon.ro\/dictionar.html#primaryimage\"},\"image\":{\"@id\":\"https:\/\/golddragon.ro\/dictionar.html#primaryimage\"},\"thumbnailUrl\":\"http:\/\/golddragon.ro\/wp-content\/uploads\/2010\/12\/1-left1.gif\",\"datePublished\":\"2011-08-13T16:02:38+00:00\",\"dateModified\":\"2019-02-14T11:46:56+00:00\",\"breadcrumb\":{\"@id\":\"https:\/\/golddragon.ro\/dictionar.html#breadcrumb\"},\"inLanguage\":\"de\",\"potentialAction\":[{\"@type\":\"ReadAction\",\"target\":[\"https:\/\/golddragon.ro\/dictionar.html\"]}]},{\"@type\":\"ImageObject\",\"inLanguage\":\"de\",\"@id\":\"https:\/\/golddragon.ro\/dictionar.html#primaryimage\",\"url\":\"http:\/\/golddragon.ro\/wp-content\/uploads\/2010\/12\/1-left1.gif\",\"contentUrl\":\"http:\/\/golddragon.ro\/wp-content\/uploads\/2010\/12\/1-left1.gif\"},{\"@type\":\"BreadcrumbList\",\"@id\":\"https:\/\/golddragon.ro\/dictionar.html#breadcrumb\",\"itemListElement\":[{\"@type\":\"ListItem\",\"position\":1,\"name\":\"Home\",\"item\":\"https:\/\/golddragon.ro\/\"},{\"@type\":\"ListItem\",\"position\":2,\"name\":\"Dictionar\"}]},{\"@type\":\"WebSite\",\"@id\":\"https:\/\/golddragon.ro\/#website\",\"url\":\"https:\/\/golddragon.ro\/\",\"name\":\"Gold Dragon Oradea\",\"description\":\"Chinese Martial Arts, Kung Fu, Wushu, Tai Chi\",\"potentialAction\":[{\"@type\":\"SearchAction\",\"target\":{\"@type\":\"EntryPoint\",\"urlTemplate\":\"https:\/\/golddragon.ro\/?s={search_term_string}\"},\"query-input\":{\"@type\":\"PropertyValueSpecification\",\"valueRequired\":true,\"valueName\":\"search_term_string\"}}],\"inLanguage\":\"de\"}]}<\/script>\n<!-- \/ Yoast SEO plugin. -->","yoast_head_json":{"title":"Worterbuch - Gold Dragon Oradea","robots":{"index":"index","follow":"follow","max-snippet":"max-snippet:-1","max-image-preview":"max-image-preview:large","max-video-preview":"max-video-preview:-1"},"canonical":"https:\/\/golddragon.ro\/dictionar.html","og_locale":"de_DE","og_type":"article","og_title":"Worterbuch - Gold Dragon Oradea","og_description":"Leider ist der Eintrag nur auf Rom\u00e2n\u0103 und English verf\u00fcgbar.","og_url":"https:\/\/golddragon.ro\/dictionar.html","og_site_name":"Gold Dragon Oradea","article_modified_time":"2019-02-14T11:46:56+00:00","og_image":[{"url":"http:\/\/golddragon.ro\/wp-content\/uploads\/2010\/12\/1-left1.gif","type":"","width":"","height":""}],"twitter_card":"summary_large_image","twitter_misc":{"Gesch\u00e4tzte Lesezeit":"8\u00a0Minuten"},"schema":{"@context":"https:\/\/schema.org","@graph":[{"@type":"WebPage","@id":"https:\/\/golddragon.ro\/dictionar.html","url":"https:\/\/golddragon.ro\/dictionar.html","name":"Worterbuch - Gold Dragon Oradea","isPartOf":{"@id":"https:\/\/golddragon.ro\/#website"},"primaryImageOfPage":{"@id":"https:\/\/golddragon.ro\/dictionar.html#primaryimage"},"image":{"@id":"https:\/\/golddragon.ro\/dictionar.html#primaryimage"},"thumbnailUrl":"http:\/\/golddragon.ro\/wp-content\/uploads\/2010\/12\/1-left1.gif","datePublished":"2011-08-13T16:02:38+00:00","dateModified":"2019-02-14T11:46:56+00:00","breadcrumb":{"@id":"https:\/\/golddragon.ro\/dictionar.html#breadcrumb"},"inLanguage":"de","potentialAction":[{"@type":"ReadAction","target":["https:\/\/golddragon.ro\/dictionar.html"]}]},{"@type":"ImageObject","inLanguage":"de","@id":"https:\/\/golddragon.ro\/dictionar.html#primaryimage","url":"http:\/\/golddragon.ro\/wp-content\/uploads\/2010\/12\/1-left1.gif","contentUrl":"http:\/\/golddragon.ro\/wp-content\/uploads\/2010\/12\/1-left1.gif"},{"@type":"BreadcrumbList","@id":"https:\/\/golddragon.ro\/dictionar.html#breadcrumb","itemListElement":[{"@type":"ListItem","position":1,"name":"Home","item":"https:\/\/golddragon.ro\/"},{"@type":"ListItem","position":2,"name":"Dictionar"}]},{"@type":"WebSite","@id":"https:\/\/golddragon.ro\/#website","url":"https:\/\/golddragon.ro\/","name":"Gold Dragon Oradea","description":"Chinese Martial Arts, Kung Fu, Wushu, Tai Chi","potentialAction":[{"@type":"SearchAction","target":{"@type":"EntryPoint","urlTemplate":"https:\/\/golddragon.ro\/?s={search_term_string}"},"query-input":{"@type":"PropertyValueSpecification","valueRequired":true,"valueName":"search_term_string"}}],"inLanguage":"de"}]}},"jetpack_sharing_enabled":true,"jetpack_shortlink":"https:\/\/wp.me\/P1KqTI-ye","_links":{"self":[{"href":"https:\/\/golddragon.ro\/de\/wp-json\/wp\/v2\/pages\/2122","targetHints":{"allow":["GET"]}}],"collection":[{"href":"https:\/\/golddragon.ro\/de\/wp-json\/wp\/v2\/pages"}],"about":[{"href":"https:\/\/golddragon.ro\/de\/wp-json\/wp\/v2\/types\/page"}],"author":[{"embeddable":true,"href":"https:\/\/golddragon.ro\/de\/wp-json\/wp\/v2\/users\/3"}],"replies":[{"embeddable":true,"href":"https:\/\/golddragon.ro\/de\/wp-json\/wp\/v2\/comments?post=2122"}],"version-history":[{"count":73,"href":"https:\/\/golddragon.ro\/de\/wp-json\/wp\/v2\/pages\/2122\/revisions"}],"predecessor-version":[{"id":6970,"href":"https:\/\/golddragon.ro\/de\/wp-json\/wp\/v2\/pages\/2122\/revisions\/6970"}],"wp:attachment":[{"href":"https:\/\/golddragon.ro\/de\/wp-json\/wp\/v2\/media?parent=2122"}],"curies":[{"name":"wp","href":"https:\/\/api.w.org\/{rel}","templated":true}]}}