{"id":17,"date":"2010-12-18T14:56:53","date_gmt":"2010-12-18T14:56:53","guid":{"rendered":"http:\/\/2011.golddragon.ro\/?page_id=17"},"modified":"2019-02-14T13:46:57","modified_gmt":"2019-02-14T11:46:57","slug":"sponsori","status":"publish","type":"page","link":"https:\/\/golddragon.ro\/de\/sponsori.html","title":{"rendered":"Sponsoren"},"content":{"rendered":"<p>&nbsp;<\/p>\n<h1 style=\"text-align: center;\"><span style=\"color: #000000;\">Vielen dank f\u00fcr ihre unterst\u00fctzung:<\/span><\/h1>\n<p>&nbsp;<br \/>\n<div id=\"metaslider-id-6294\" style=\"max-width: 400px; margin: 0 auto;\" class=\"ml-slider-3-101-0 metaslider metaslider-flex metaslider-6294 ml-slider ms-theme-default nav-hidden nav-hidden nav-hidden nav-hidden\" role=\"region\" aria-label=\"Sponsori\" data-height=\"200\" data-width=\"400\">\n    <div id=\"metaslider_container_6294\">\n        <div id=\"metaslider_6294\">\n            <ul class='slides'>\n                <li style=\"display: block; width: 100%;\" class=\"slide-6296 ms-image \" aria-roledescription=\"slide\" data-date=\"2015-06-07 23:46:33\"><a href=\"http:\/\/depozituldetricouri.ro\/\" target=\"_blank\" aria-label=\"View Slide Details\" class=\"metaslider_image_link\"><img loading=\"lazy\" decoding=\"async\" width=\"720\" height=\"264\" src=\"https:\/\/golddragon.ro\/wp-content\/uploads\/2015\/06\/depozit.jpg\" class=\"slider-6294 slide-6296 msDefaultImage\" alt=\"\" rel=\"\" title=\"\" style=\"margin-top: 6.6666666666667%\" srcset=\"https:\/\/golddragon.ro\/wp-content\/uploads\/2015\/06\/depozit.jpg 720w, https:\/\/golddragon.ro\/wp-content\/uploads\/2015\/06\/depozit-300x110.jpg 300w\" sizes=\"auto, (max-width: 720px) 100vw, 720px\" \/><\/a><\/li>\n                <li style=\"display: none; width: 100%;\" class=\"slide-6297 ms-image \" aria-roledescription=\"slide\" data-date=\"2015-06-07 23:46:34\"><a href=\"http:\/\/www.ideart.ro\/\" target=\"_blank\" aria-label=\"View Slide Details\" class=\"metaslider_image_link\"><img loading=\"lazy\" decoding=\"async\" width=\"517\" height=\"176\" src=\"https:\/\/golddragon.ro\/wp-content\/uploads\/2015\/06\/ideart.jpg\" class=\"slider-6294 slide-6297 msDefaultImage\" alt=\"\" rel=\"\" title=\"\" style=\"margin-top: 7.9787234042553%\" srcset=\"https:\/\/golddragon.ro\/wp-content\/uploads\/2015\/06\/ideart.jpg 517w, https:\/\/golddragon.ro\/wp-content\/uploads\/2015\/06\/ideart-300x102.jpg 300w\" sizes=\"auto, (max-width: 517px) 100vw, 517px\" \/><\/a><\/li>\n                <li style=\"display: none; width: 100%;\" class=\"slide-6299 ms-image \" aria-roledescription=\"slide\" data-date=\"2015-06-07 23:46:36\"><a href=\"https:\/\/www.facebook.com\/Transolut\" target=\"_blank\" aria-label=\"View Slide Details\" class=\"metaslider_image_link\"><img loading=\"lazy\" decoding=\"async\" width=\"733\" height=\"395\" src=\"https:\/\/golddragon.ro\/wp-content\/uploads\/2015\/06\/transolut.jpg\" class=\"slider-6294 slide-6299 msDefaultImage\" alt=\"\" rel=\"\" title=\"\" style=\"margin: 0 auto; width: 92.784810126582%\" srcset=\"https:\/\/golddragon.ro\/wp-content\/uploads\/2015\/06\/transolut.jpg 733w, https:\/\/golddragon.ro\/wp-content\/uploads\/2015\/06\/transolut-300x162.jpg 300w\" sizes=\"auto, (max-width: 733px) 100vw, 733px\" \/><\/a><\/li>\n                <li style=\"display: none; width: 100%;\" class=\"slide-6306 ms-image \" aria-roledescription=\"slide\" data-date=\"2015-06-07 23:56:20\"><a href=\"http:\/\/www.comau.com\/EN\/this-is-comau\/global-presence\/romania\" target=\"_blank\" aria-label=\"View Slide Details\" class=\"metaslider_image_link\"><img loading=\"lazy\" decoding=\"async\" width=\"265\" height=\"186\" src=\"https:\/\/golddragon.ro\/wp-content\/uploads\/2015\/06\/comau.jpg\" class=\"slider-6294 slide-6306 msDefaultImage\" alt=\"\" rel=\"\" title=\"\" style=\"margin: 0 auto; width: 71.236559139785%\" \/><\/a><\/li>\n                <li style=\"display: none; width: 100%;\" class=\"slide-6298 ms-image \" aria-roledescription=\"slide\" data-date=\"2015-06-07 23:46:35\"><a href=\"http:\/\/www.pankarpathia.eu\/\" target=\"_blank\" aria-label=\"View Slide Details\" class=\"metaslider_image_link\"><img loading=\"lazy\" decoding=\"async\" width=\"295\" height=\"115\" src=\"https:\/\/golddragon.ro\/wp-content\/uploads\/2015\/06\/pankarpathia.jpg\" class=\"slider-6294 slide-6298 msDefaultImage\" alt=\"\" rel=\"\" title=\"\" style=\"margin-top: 5.5084745762712%\" \/><\/a><\/li>\n            <\/ul>\n        <\/div>\n        \n    <\/div>\n<\/div><br \/>\n&nbsp;<\/p>\n<p style=\"text-align: center;\"><span style=\"color: #000000;\">Wir warten auf Ihre unterst\u00fctzung auch in zukunft um den<\/span><br \/>\n<span style=\"color: #000000;\">traum der jungen athleten kampfk\u00fcnste\u00fcben zu erf\u00fcllen, um an wettk\u00e4mpfen<\/span><br \/>\n<span style=\"color: #000000;\">teilzunehmen um weiter bildung, disziplin und geist u kultivieren.<\/span><br \/>\n&nbsp;<br \/>\n<img loading=\"lazy\" decoding=\"async\" class=\"size-full wp-image-1217 aligncenter\" style=\"margin-top: 0px; margin-bottom: 0px; border-width: 0px;\" src=\"http:\/\/golddragon.ro\/wp-content\/uploads\/2010\/12\/sponsori.jpg\" alt=\"\" width=\"720\" height=\"750\"><br \/>\n<\/p>","protected":false},"excerpt":{"rendered":"<p>&nbsp; Vielen dank f\u00fcr ihre unterst\u00fctzung: &nbsp; &nbsp; Wir warten auf Ihre unterst\u00fctzung auch in zukunft um den traum der jungen athleten kampfk\u00fcnste\u00fcben zu erf\u00fcllen, um an wettk\u00e4mpfen teilzunehmen um weiter bildung, disziplin und geist u kultivieren. &nbsp;<\/p>\n","protected":false},"author":3,"featured_media":0,"parent":0,"menu_order":0,"comment_status":"closed","ping_status":"open","template":"","meta":{"ngg_post_thumbnail":0,"jetpack_post_was_ever_published":false,"footnotes":""},"class_list":["post-17","page","type-page","status-publish","hentry"],"yoast_head":"<!-- This site is optimized with the Yoast SEO plugin v26.0 - https:\/\/yoast.com\/wordpress\/plugins\/seo\/ -->\n<title>Sponsoren - Gold Dragon Oradea<\/title>\n<meta name=\"robots\" content=\"index, follow, max-snippet:-1, max-image-preview:large, max-video-preview:-1\" \/>\n<link rel=\"canonical\" href=\"https:\/\/golddragon.ro\/de\/sponsori.html\" \/>\n<meta property=\"og:locale\" content=\"de_DE\" \/>\n<meta property=\"og:type\" content=\"article\" \/>\n<meta property=\"og:title\" content=\"Sponsoren - Gold Dragon Oradea\" \/>\n<meta property=\"og:description\" content=\"&nbsp; Vielen dank f\u00fcr ihre unterst\u00fctzung: &nbsp; &nbsp; Wir warten auf Ihre unterst\u00fctzung auch in zukunft um den traum der jungen athleten kampfk\u00fcnste\u00fcben zu erf\u00fcllen, um an wettk\u00e4mpfen teilzunehmen um weiter bildung, disziplin und geist u kultivieren. &nbsp;\" \/>\n<meta property=\"og:url\" content=\"https:\/\/golddragon.ro\/de\/sponsori.html\" \/>\n<meta property=\"og:site_name\" content=\"Gold Dragon Oradea\" \/>\n<meta property=\"article:modified_time\" content=\"2019-02-14T11:46:57+00:00\" \/>\n<meta property=\"og:image\" content=\"http:\/\/golddragon.ro\/wp-content\/uploads\/2010\/12\/sponsori.jpg\" \/>\n<meta name=\"twitter:card\" content=\"summary_large_image\" \/>\n<meta name=\"twitter:label1\" content=\"Gesch\u00e4tzte Lesezeit\" \/>\n\t<meta name=\"twitter:data1\" content=\"1\u00a0Minute\" \/>\n<script type=\"application\/ld+json\" class=\"yoast-schema-graph\">{\"@context\":\"https:\/\/schema.org\",\"@graph\":[{\"@type\":\"WebPage\",\"@id\":\"https:\/\/golddragon.ro\/de\/sponsori.html\",\"url\":\"https:\/\/golddragon.ro\/de\/sponsori.html\",\"name\":\"Sponsoren - Gold Dragon Oradea\",\"isPartOf\":{\"@id\":\"https:\/\/golddragon.ro\/#website\"},\"primaryImageOfPage\":{\"@id\":\"https:\/\/golddragon.ro\/de\/sponsori.html#primaryimage\"},\"image\":{\"@id\":\"https:\/\/golddragon.ro\/de\/sponsori.html#primaryimage\"},\"thumbnailUrl\":\"http:\/\/golddragon.ro\/wp-content\/uploads\/2010\/12\/sponsori.jpg\",\"datePublished\":\"2010-12-18T14:56:53+00:00\",\"dateModified\":\"2019-02-14T11:46:57+00:00\",\"breadcrumb\":{\"@id\":\"https:\/\/golddragon.ro\/de\/sponsori.html#breadcrumb\"},\"inLanguage\":\"de\",\"potentialAction\":[{\"@type\":\"ReadAction\",\"target\":[\"https:\/\/golddragon.ro\/de\/sponsori.html\"]}]},{\"@type\":\"ImageObject\",\"inLanguage\":\"de\",\"@id\":\"https:\/\/golddragon.ro\/de\/sponsori.html#primaryimage\",\"url\":\"http:\/\/golddragon.ro\/wp-content\/uploads\/2010\/12\/sponsori.jpg\",\"contentUrl\":\"http:\/\/golddragon.ro\/wp-content\/uploads\/2010\/12\/sponsori.jpg\"},{\"@type\":\"BreadcrumbList\",\"@id\":\"https:\/\/golddragon.ro\/de\/sponsori.html#breadcrumb\",\"itemListElement\":[{\"@type\":\"ListItem\",\"position\":1,\"name\":\"Home\",\"item\":\"https:\/\/golddragon.ro\/\"},{\"@type\":\"ListItem\",\"position\":2,\"name\":\"Sponsoren\"}]},{\"@type\":\"WebSite\",\"@id\":\"https:\/\/golddragon.ro\/#website\",\"url\":\"https:\/\/golddragon.ro\/\",\"name\":\"Gold Dragon Oradea\",\"description\":\"Chinese Martial Arts, Kung Fu, Wushu, Tai Chi\",\"potentialAction\":[{\"@type\":\"SearchAction\",\"target\":{\"@type\":\"EntryPoint\",\"urlTemplate\":\"https:\/\/golddragon.ro\/?s={search_term_string}\"},\"query-input\":{\"@type\":\"PropertyValueSpecification\",\"valueRequired\":true,\"valueName\":\"search_term_string\"}}],\"inLanguage\":\"de\"}]}<\/script>\n<!-- \/ Yoast SEO plugin. -->","yoast_head_json":{"title":"Sponsoren - Gold Dragon Oradea","robots":{"index":"index","follow":"follow","max-snippet":"max-snippet:-1","max-image-preview":"max-image-preview:large","max-video-preview":"max-video-preview:-1"},"canonical":"https:\/\/golddragon.ro\/de\/sponsori.html","og_locale":"de_DE","og_type":"article","og_title":"Sponsoren - Gold Dragon Oradea","og_description":"&nbsp; Vielen dank f\u00fcr ihre unterst\u00fctzung: &nbsp; &nbsp; Wir warten auf Ihre unterst\u00fctzung auch in zukunft um den traum der jungen athleten kampfk\u00fcnste\u00fcben zu erf\u00fcllen, um an wettk\u00e4mpfen teilzunehmen um weiter bildung, disziplin und geist u kultivieren. &nbsp;","og_url":"https:\/\/golddragon.ro\/de\/sponsori.html","og_site_name":"Gold Dragon Oradea","article_modified_time":"2019-02-14T11:46:57+00:00","og_image":[{"url":"http:\/\/golddragon.ro\/wp-content\/uploads\/2010\/12\/sponsori.jpg","type":"","width":"","height":""}],"twitter_card":"summary_large_image","twitter_misc":{"Gesch\u00e4tzte Lesezeit":"1\u00a0Minute"},"schema":{"@context":"https:\/\/schema.org","@graph":[{"@type":"WebPage","@id":"https:\/\/golddragon.ro\/de\/sponsori.html","url":"https:\/\/golddragon.ro\/de\/sponsori.html","name":"Sponsoren - Gold Dragon Oradea","isPartOf":{"@id":"https:\/\/golddragon.ro\/#website"},"primaryImageOfPage":{"@id":"https:\/\/golddragon.ro\/de\/sponsori.html#primaryimage"},"image":{"@id":"https:\/\/golddragon.ro\/de\/sponsori.html#primaryimage"},"thumbnailUrl":"http:\/\/golddragon.ro\/wp-content\/uploads\/2010\/12\/sponsori.jpg","datePublished":"2010-12-18T14:56:53+00:00","dateModified":"2019-02-14T11:46:57+00:00","breadcrumb":{"@id":"https:\/\/golddragon.ro\/de\/sponsori.html#breadcrumb"},"inLanguage":"de","potentialAction":[{"@type":"ReadAction","target":["https:\/\/golddragon.ro\/de\/sponsori.html"]}]},{"@type":"ImageObject","inLanguage":"de","@id":"https:\/\/golddragon.ro\/de\/sponsori.html#primaryimage","url":"http:\/\/golddragon.ro\/wp-content\/uploads\/2010\/12\/sponsori.jpg","contentUrl":"http:\/\/golddragon.ro\/wp-content\/uploads\/2010\/12\/sponsori.jpg"},{"@type":"BreadcrumbList","@id":"https:\/\/golddragon.ro\/de\/sponsori.html#breadcrumb","itemListElement":[{"@type":"ListItem","position":1,"name":"Home","item":"https:\/\/golddragon.ro\/"},{"@type":"ListItem","position":2,"name":"Sponsoren"}]},{"@type":"WebSite","@id":"https:\/\/golddragon.ro\/#website","url":"https:\/\/golddragon.ro\/","name":"Gold Dragon Oradea","description":"Chinese Martial Arts, Kung Fu, Wushu, Tai Chi","potentialAction":[{"@type":"SearchAction","target":{"@type":"EntryPoint","urlTemplate":"https:\/\/golddragon.ro\/?s={search_term_string}"},"query-input":{"@type":"PropertyValueSpecification","valueRequired":true,"valueName":"search_term_string"}}],"inLanguage":"de"}]}},"jetpack_sharing_enabled":true,"jetpack_shortlink":"https:\/\/wp.me\/P1KqTI-h","_links":{"self":[{"href":"https:\/\/golddragon.ro\/de\/wp-json\/wp\/v2\/pages\/17","targetHints":{"allow":["GET"]}}],"collection":[{"href":"https:\/\/golddragon.ro\/de\/wp-json\/wp\/v2\/pages"}],"about":[{"href":"https:\/\/golddragon.ro\/de\/wp-json\/wp\/v2\/types\/page"}],"author":[{"embeddable":true,"href":"https:\/\/golddragon.ro\/de\/wp-json\/wp\/v2\/users\/3"}],"replies":[{"embeddable":true,"href":"https:\/\/golddragon.ro\/de\/wp-json\/wp\/v2\/comments?post=17"}],"version-history":[{"count":144,"href":"https:\/\/golddragon.ro\/de\/wp-json\/wp\/v2\/pages\/17\/revisions"}],"predecessor-version":[{"id":6994,"href":"https:\/\/golddragon.ro\/de\/wp-json\/wp\/v2\/pages\/17\/revisions\/6994"}],"wp:attachment":[{"href":"https:\/\/golddragon.ro\/de\/wp-json\/wp\/v2\/media?parent=17"}],"curies":[{"name":"wp","href":"https:\/\/api.w.org\/{rel}","templated":true}]}}